{"id":903,"date":"2026-01-07T18:58:02","date_gmt":"2026-01-07T17:58:02","guid":{"rendered":"https:\/\/fabrico.fr\/?page_id=903"},"modified":"2026-04-01T23:39:25","modified_gmt":"2026-04-01T21:39:25","slug":"reserver-salle","status":"publish","type":"page","link":"https:\/\/fabrico.fr\/index.php\/reserver-salle\/","title":{"rendered":"R\u00e9server une salle"},"content":{"rendered":"\n<p>Fabrico met \u00e0 disposition de ses adh\u00e9rents un <strong>module en ligne de r\u00e9servation des salles<\/strong>, afin de faciliter l\u2019organisation des ateliers, r\u00e9unions, formations et autres activit\u00e9s.<\/p>\n\n\n\n<p>La r\u00e9servation est <strong>ouverte \u00e0 tous les adh\u00e9rents actifs de l\u2019association<\/strong> (cotisation annuelle \u00e0 jour).<\/p>\n\n\n\n<p>Acc\u00e8s au module de r\u00e9servation:<\/p>\n\n\n\n<ul class=\"wp-block-list\">\n<li>\ud83d\udc49 <strong><a href=\"https:\/\/resa.fabrico.fr\/Web\/\">R\u00e9server une salle<\/a><\/strong><\/li>\n\n\n\n<li>\ud83d\udcc5 <strong><a href=\"https:\/\/resa.fabrico.fr\/Web\/view-schedule.php\">Consulter le planning des salles<\/a><\/strong><\/li>\n<\/ul>\n\n\n\n<p>Une question? N&rsquo;h\u00e9sitez pas \u00e0 consulter notre FAQ ci-dessous!<\/p>\n\n\n\n<p>Lors de votre <strong>adh\u00e9sion \u00e0 Fabrico<\/strong> \u2014 ou lors de la <strong>mise en place du module de r\u00e9servation<\/strong> \u2014 un email vous a \u00e9t\u00e9 envoy\u00e9 contenant vos <strong>identifiants de connexion et votre mot de passe<\/strong> pour acc\u00e9der au portail de r\u00e9servation.<br>Si vous ne retrouvez plus cet email, il est possible de <strong>r\u00e9initialiser votre mot de passe directement depuis la page de connexion<\/strong><\/p>\n\n\n\n<p>En cas de difficult\u00e9, l\u2019\u00e9quipe de Fabrico reste \u00e0 votre disposition.<\/p>\n\n\n\n<h2 class=\"wp-block-heading\">FAQ<\/h2>\n\n\n<div class=\"lightweight-accordion\"><details><summary class=\"lightweight-accordion-title\"><span>Comment consulter la disponibilit\u00e9 des salles?<\/span><\/summary><div class=\"lightweight-accordion-body\">\n\n<p>Le planning des salles est accessible via le lien \u00ab <strong><a href=\"https:\/\/resa.fabrico.fr\/Web\/view-schedule.php\">consulter le planning des salles<\/a><\/strong> \u00bb.<\/p>\n\n\n\n<p>Il se pr\u00e9sente sous la forme d\u2019un calendrier affichant, par salle et par jour, l\u2019ensemble des cr\u00e9neaux horaires disponibles.<\/p>\n\n\n\n<ul class=\"wp-block-list\">\n<li><strong>Sur ordinateur<\/strong> : vous pouvez visualiser le d\u00e9tail des cr\u00e9neaux r\u00e9serv\u00e9s en passant le curseur de la souris dessus.<\/li>\n<\/ul>\n\n\n\n<figure class=\"wp-block-image size-large\"><img loading=\"lazy\" decoding=\"async\" width=\"1024\" height=\"561\" src=\"https:\/\/fabrico.fr\/wp-content\/uploads\/2026\/04\/image-1024x561.png\" alt=\"\" class=\"wp-image-965\" srcset=\"https:\/\/fabrico.fr\/wp-content\/uploads\/2026\/04\/image-1024x561.png 1024w, https:\/\/fabrico.fr\/wp-content\/uploads\/2026\/04\/image-300x164.png 300w, https:\/\/fabrico.fr\/wp-content\/uploads\/2026\/04\/image-768x420.png 768w, https:\/\/fabrico.fr\/wp-content\/uploads\/2026\/04\/image.png 1434w\" sizes=\"auto, (max-width: 767px) 89vw, (max-width: 1000px) 54vw, (max-width: 1071px) 543px, 580px\" \/><\/figure>\n\n\n\n<ul class=\"wp-block-list\">\n<li><strong>Sur tablette ou smartphone<\/strong> : les informations sont affich\u00e9es de mani\u00e8re plus synth\u00e9tique. Appuyez sur un cr\u00e9neau pour en voir le d\u00e9tail.<\/li>\n<\/ul>\n\n\n<div class=\"wp-block-image\">\n<figure class=\"alignright size-large is-resized\"><img loading=\"lazy\" decoding=\"async\" width=\"501\" height=\"1024\" src=\"https:\/\/fabrico.fr\/wp-content\/uploads\/2026\/04\/Capture-decran-2026-04-01-a-22.22.14-501x1024.png\" alt=\"\" class=\"wp-image-967\" style=\"width:218px;height:auto\" srcset=\"https:\/\/fabrico.fr\/wp-content\/uploads\/2026\/04\/Capture-decran-2026-04-01-a-22.22.14-501x1024.png 501w, https:\/\/fabrico.fr\/wp-content\/uploads\/2026\/04\/Capture-decran-2026-04-01-a-22.22.14-147x300.png 147w, https:\/\/fabrico.fr\/wp-content\/uploads\/2026\/04\/Capture-decran-2026-04-01-a-22.22.14-768x1569.png 768w, https:\/\/fabrico.fr\/wp-content\/uploads\/2026\/04\/Capture-decran-2026-04-01-a-22.22.14-752x1536.png 752w, https:\/\/fabrico.fr\/wp-content\/uploads\/2026\/04\/Capture-decran-2026-04-01-a-22.22.14-1002x2048.png 1002w, https:\/\/fabrico.fr\/wp-content\/uploads\/2026\/04\/Capture-decran-2026-04-01-a-22.22.14-scaled.png 1253w\" sizes=\"auto, (max-width: 501px) 100vw, 501px\" \/><\/figure><\/div>\n\n\n<figure class=\"wp-block-image size-large is-resized\"><img loading=\"lazy\" decoding=\"async\" width=\"501\" height=\"1024\" src=\"https:\/\/fabrico.fr\/wp-content\/uploads\/2026\/04\/Capture-decran-2026-04-01-a-22.14.22-501x1024.png\" alt=\"\" class=\"wp-image-966\" style=\"width:223px;height:auto\" srcset=\"https:\/\/fabrico.fr\/wp-content\/uploads\/2026\/04\/Capture-decran-2026-04-01-a-22.14.22-501x1024.png 501w, https:\/\/fabrico.fr\/wp-content\/uploads\/2026\/04\/Capture-decran-2026-04-01-a-22.14.22-147x300.png 147w, https:\/\/fabrico.fr\/wp-content\/uploads\/2026\/04\/Capture-decran-2026-04-01-a-22.14.22-768x1569.png 768w, https:\/\/fabrico.fr\/wp-content\/uploads\/2026\/04\/Capture-decran-2026-04-01-a-22.14.22-752x1536.png 752w, https:\/\/fabrico.fr\/wp-content\/uploads\/2026\/04\/Capture-decran-2026-04-01-a-22.14.22-1002x2048.png 1002w, https:\/\/fabrico.fr\/wp-content\/uploads\/2026\/04\/Capture-decran-2026-04-01-a-22.14.22-scaled.png 1253w\" sizes=\"auto, (max-width: 501px) 100vw, 501px\" \/><\/figure>\n\n\n\n<p><\/p>\n\n\n\n<p>Pour effectuer une r\u00e9servation et acc\u00e9der \u00e0 l\u2019ensemble des cr\u00e9neaux r\u00e9servables, il est n\u00e9cessaire de vous connecter.<\/p>\n\n<\/div><\/details><\/div>\n\n<div class=\"lightweight-accordion\"><details><summary class=\"lightweight-accordion-title\"><span>Qui peut r\u00e9server une salle ?<\/span><\/summary><div class=\"lightweight-accordion-body\">\n\n<p>La r\u00e9servation est possible pour <strong>tous les adh\u00e9rents actifs de l\u2019association Fabrico<\/strong>, c\u2019est-\u00e0-dire ayant r\u00e9gl\u00e9 leur <strong>cotisation pour l\u2019ann\u00e9e en cours<\/strong>.<\/p>\n\n\n\n<p>Si vous n&rsquo;\u00eates pas encore un adh\u00e9rent actif de l\u2019association, nous vous invitions \u00e0 vous pr\u00e9-inscrire <strong><a href=\"https:\/\/dolibarr.fabrico.fr\/dolibarr\/public\/members\/new.php\">ici<\/a><\/strong>. Nous vous inviterons alors \u00e0 nous rencontrer afin de vous pr\u00e9senter l&rsquo;asso et le fonctionnement du lieu.<\/p>\n\n<\/div><\/details><\/div>\n\n<div class=\"lightweight-accordion\"><details><summary class=\"lightweight-accordion-title\"><span>Comment fonctionne la r\u00e9servation des salles ?<\/span><\/summary><div class=\"lightweight-accordion-body\">\n\n<ol class=\"wp-block-list\">\n<li>Vous devez \u00eatre <strong>adh\u00e9rent actif<\/strong> de l\u2019association. (voir la FAQ d\u00e9di\u00e9e ci-dessus)<\/li>\n\n\n\n<li>Connectez-vous au <strong>portail de r\u00e9servation<\/strong> avec vos identifiants.<\/li>\n\n\n\n<li>Effectuez votre demande de r\u00e9servation (voir la FAQ d\u00e9di\u00e9e ci-dessous).<\/li>\n\n\n\n<li>La r\u00e9servation doit \u00eatre <strong>approuv\u00e9e<\/strong> et un <strong>email de confirmation<\/strong> vous est envoy\u00e9.<\/li>\n\n\n\n<li>Profitez de votre cr\u00e9neau r\u00e9serv\u00e9 \ud83c\udf89<\/li>\n\n\n\n<li>La <strong>facturation est ensuite r\u00e9alis\u00e9e par l\u2019\u00e9quipe de FabAt<\/strong>.<\/li>\n<\/ol>\n\n<\/div><\/details><\/div>\n\n<div class=\"lightweight-accordion\"><details><summary class=\"lightweight-accordion-title\"><span>Quel est le tarif des r\u00e9servations ?<\/span><\/summary><div class=\"lightweight-accordion-body\">\n\n<ul class=\"wp-block-list\">\n<li><strong>Les bureaux<\/strong><\/li>\n<\/ul>\n\n\n\n<figure class=\"wp-block-table\"><table><thead><tr><th><\/th><th>1j<\/th><th>Sem.<\/th><th>10j<\/th><th>Mois<\/th><\/tr><\/thead><tbody><tr><td>Petit bureau &#8211; 9m2 (tarif salle)<\/td><td>18\u20ac<\/td><td><\/td><td><\/td><td>313,20\u20ac<\/td><\/tr><tr><td>Moyen bureau &#8211; 12m2 (tarif salle)<\/td><td>24\u20ac<\/td><td><\/td><td><\/td><td>417,63\u20ac<\/td><\/tr><tr><td>Espace de travail \u00ab\u00a0Le F\u00a0\u00bb &#8211; 25m2 (tarif bureau)<\/td><td>12\u20ac<\/td><td>50\u20ac<\/td><td>100\u20ac<\/td><td>115\u20ac<\/td><\/tr><tr><td>Espace de travail \u00ab\u00a0Le F\u00a0\u00bb- 25m2 (tarif salle)<\/td><td><\/td><td><\/td><td><\/td><td>696,34\u20ac<\/td><\/tr><\/tbody><\/table><\/figure>\n\n\n\n<ul class=\"wp-block-list\">\n<li><strong>Les grandes salles pour 25 personnes et le jardin<\/strong><\/li>\n<\/ul>\n\n\n\n<figure class=\"wp-block-table\"><table><thead><tr><th><\/th><th>2h<\/th><th>1\/2j (4h)<\/th><th>1j (8h)<\/th><\/tr><\/thead><tbody><tr><td>Atelier, Evt payant, R\u00e9union interne, CA, AG&#8230;<\/td><td><\/td><td>60\u20ac<\/td><td>120\u20ac<\/td><\/tr><tr><td>Associations<\/td><td>10\u20ac<\/td><td>20\u20ac<\/td><td>40\u20ac<\/td><\/tr><\/tbody><\/table><\/figure>\n\n\n\n<p><strong>A noter:<\/strong><\/p>\n\n\n\n<ul class=\"wp-block-list\">\n<li>Les <strong>CoUsagers<\/strong> disposent d\u2019un <strong>quota d\u2019heures gratuites<\/strong> tous les mois.<\/li>\n\n\n\n<li>Pour les <strong>r\u00e9servations de longue dur\u00e9e<\/strong>, le tarif est <strong>d\u00e9fini directement avec l\u2019association<\/strong>.<\/li>\n<\/ul>\n\n<\/div><\/details><\/div>\n\n<div class=\"lightweight-accordion\"><details><summary class=\"lightweight-accordion-title\"><span>Quelles sont les \u00e9tapes pour cr\u00e9er une r\u00e9servation ?<\/span><\/summary><div class=\"lightweight-accordion-body\">\n\n<ol class=\"wp-block-list\">\n<li><strong>Se connecter<\/strong> au portail de r\u00e9servation.<\/li>\n\n\n\n<li>Un <strong>calendrier s\u2019affiche par d\u00e9faut sur la semaine en cours<\/strong>.<\/li>\n\n\n\n<li>Vous pouvez changer de semaine \u00e0 l\u2019aide des <strong>fl\u00e8ches situ\u00e9es autour des dates en haut de l\u2019\u00e9cran<\/strong>.<\/li>\n\n\n\n<li>Cliquez sur le <strong>cr\u00e9neau horaire<\/strong> que vous souhaitez r\u00e9server. En survolant le nom de la salle, vous aurez des informations compl\u00e9mentaires (localisation, photos, \u00e9quipements, etc.).<\/li>\n\n\n\n<li>Une page s\u2019ouvre avec un <strong>formulaire de r\u00e9servation<\/strong>.<\/li>\n\n\n\n<li>V\u00e9rifiez et compl\u00e9tez attentivement les informations suivantes :\n<ul class=\"wp-block-list\">\n<li><strong>Titre de la r\u00e9servation<\/strong><\/li>\n\n\n\n<li><strong>Dur\u00e9e<\/strong><\/li>\n\n\n\n<li><strong>Ressource(s)<\/strong> \u00e0 r\u00e9server (salle(s))<\/li>\n\n\n\n<li><strong>Mat\u00e9riels compl\u00e9mentaires<\/strong> (ex. : vid\u00e9oprojecteur)<\/li>\n\n\n\n<li><strong>Description<\/strong> : pr\u00e9ciser l\u2019objectif de la r\u00e9servation (ex. : formation, r\u00e9union, atelier\u2026)<\/li>\n\n\n\n<li><strong>Pour qui la r\u00e9servation est faite<\/strong> :\n<ul class=\"wp-block-list\">\n<li>pour vous-m\u00eame<\/li>\n\n\n\n<li>ou pour votre association \/ entreprise<br>\u26a0\ufe0f <em>Cette information est utilis\u00e9e pour la facturation<\/em><\/li>\n<\/ul>\n<\/li>\n\n\n\n<li>Pour les <strong>CoUsagers<\/strong> : indiquer si vous utilisez votre <strong>quota d\u2019heures gratuites<\/strong><\/li>\n<\/ul>\n<\/li>\n\n\n\n<li>Validez la r\u00e9servation. Un email de confirmation vous sera envoy\u00e9 lors de la prise en compte de votre demande, puis un second lors de la validation.<\/li>\n<\/ol>\n\n<\/div><\/details><\/div>\n\n<div class=\"lightweight-accordion\"><details><summary class=\"lightweight-accordion-title\"><span>Comment r\u00e9initialiser mon mot de passe ?<\/span><\/summary><div class=\"lightweight-accordion-body\">\n\n<p>Si vous avez perdu ou oubli\u00e9 votre mot de passe :<\/p>\n\n\n\n<p>Rendez-vous sur le  \ud83d\udc49 <strong><a href=\"https:\/\/resa.fabrico.fr\/Web\/forgot.php\" data-type=\"link\" data-id=\"https:\/\/resa.fabrico.fr\/Web\/forgot.php\">formulaire de r\u00e9initialisation<\/a> <\/strong><br>Entrez votre adresse email et un <strong>mot de passe temporaire<\/strong> vous sera envoy\u00e9 par email.<\/p>\n\n<\/div><\/details><\/div>","protected":false},"excerpt":{"rendered":"<p>Fabrico met \u00e0 disposition de ses adh\u00e9rents un module en ligne de r\u00e9servation des salles, afin de faciliter l\u2019organisation des ateliers, r\u00e9unions, formations et autres activit\u00e9s. La r\u00e9servation est ouverte \u00e0 tous les adh\u00e9rents actifs de l\u2019association (cotisation annuelle \u00e0 jour). Acc\u00e8s au module de r\u00e9servation: Une question? N&rsquo;h\u00e9sitez pas \u00e0 consulter notre FAQ ci-dessous! &hellip; <\/p>\n<p class=\"link-more\"><a href=\"https:\/\/fabrico.fr\/index.php\/reserver-salle\/\" class=\"more-link\">Continuer la lecture<span class=\"screen-reader-text\"> de &laquo;&nbsp;R\u00e9server une salle&nbsp;&raquo;<\/span><\/a><\/p>\n","protected":false},"author":1,"featured_media":0,"parent":0,"menu_order":0,"comment_status":"closed","ping_status":"closed","template":"","meta":{"footnotes":""},"class_list":["post-903","page","type-page","status-publish","hentry"],"_links":{"self":[{"href":"https:\/\/fabrico.fr\/index.php\/wp-json\/wp\/v2\/pages\/903","targetHints":{"allow":["GET"]}}],"collection":[{"href":"https:\/\/fabrico.fr\/index.php\/wp-json\/wp\/v2\/pages"}],"about":[{"href":"https:\/\/fabrico.fr\/index.php\/wp-json\/wp\/v2\/types\/page"}],"author":[{"embeddable":true,"href":"https:\/\/fabrico.fr\/index.php\/wp-json\/wp\/v2\/users\/1"}],"replies":[{"embeddable":true,"href":"https:\/\/fabrico.fr\/index.php\/wp-json\/wp\/v2\/comments?post=903"}],"version-history":[{"count":13,"href":"https:\/\/fabrico.fr\/index.php\/wp-json\/wp\/v2\/pages\/903\/revisions"}],"predecessor-version":[{"id":969,"href":"https:\/\/fabrico.fr\/index.php\/wp-json\/wp\/v2\/pages\/903\/revisions\/969"}],"wp:attachment":[{"href":"https:\/\/fabrico.fr\/index.php\/wp-json\/wp\/v2\/media?parent=903"}],"curies":[{"name":"wp","href":"https:\/\/api.w.org\/{rel}","templated":true}]}}