{"id":274,"date":"2022-06-23T15:41:43","date_gmt":"2022-06-23T13:41:43","guid":{"rendered":"http:\/\/fabrico.fr\/?page_id=274"},"modified":"2025-10-17T18:22:09","modified_gmt":"2025-10-17T16:22:09","slug":"espaces-partages","status":"publish","type":"page","link":"https:\/\/fabrico.fr\/index.php\/espaces-partages\/","title":{"rendered":"Espaces partag\u00e9s"},"content":{"rendered":"\n<p>Fabrico, c\u2019est bien plus qu\u2019un Fablab et un EPN : c\u2019est un lieu de vie \u00e0 partager, o\u00f9 se croisent cr\u00e9ativit\u00e9, apprentissages et entraide.<\/p>\n\n\n\n<p>Deux fa\u00e7ons de vivre Fabrico :<\/p>\n\n\n\n<ul class=\"wp-block-list\"><li><strong>CoWorking<\/strong> \u2014 venez profiter \u00e0 petit prix d\u2019espaces flexibles pour travailler, cr\u00e9er et collaborer. Que ce soit pour quelques heures, quelques jours ou quelques semaines, vous \u00eates les bienvenus !<\/li><li><strong>CoUsagers<\/strong> \u2014 plusieurs associations ont d\u00e9j\u00e0 choisi de s\u2019installer durablement \u00e0 Fabrico et participent \u00e0 faire vivre ce lieu collectif.<\/li><\/ul>\n\n\n\n<hr class=\"wp-block-separator has-alpha-channel-opacity is-style-wide\"\/>\n\n\n\n<h2 class=\"wp-block-heading\">CoWorking<\/h2>\n\n\n\n<p>Si vous recherchez un bureau \u00e0 partager ou pas, une salle de r\u00e9union, un box dans nos ateliers partag\u00e9s, n&rsquo;h\u00e9sitez pas \u00e0 nous contacter : <strong>coordination@fabrico.fr<\/strong><\/p>\n\n\n\n<figure class=\"wp-block-image size-large\"><img loading=\"lazy\" decoding=\"async\" width=\"1024\" height=\"768\" src=\"http:\/\/fabrico.fr\/wp-content\/uploads\/2022\/11\/20220923_110331-1024x768.jpg\" alt=\"\" class=\"wp-image-370\" srcset=\"https:\/\/fabrico.fr\/wp-content\/uploads\/2022\/11\/20220923_110331-1024x768.jpg 1024w, https:\/\/fabrico.fr\/wp-content\/uploads\/2022\/11\/20220923_110331-300x225.jpg 300w, https:\/\/fabrico.fr\/wp-content\/uploads\/2022\/11\/20220923_110331-768x576.jpg 768w, https:\/\/fabrico.fr\/wp-content\/uploads\/2022\/11\/20220923_110331-1536x1152.jpg 1536w, https:\/\/fabrico.fr\/wp-content\/uploads\/2022\/11\/20220923_110331-2048x1536.jpg 2048w\" sizes=\"auto, (max-width: 767px) 89vw, (max-width: 1000px) 54vw, (max-width: 1071px) 543px, 580px\" \/><\/figure>\n\n\n\n<hr class=\"wp-block-separator has-alpha-channel-opacity is-style-wide\"\/>\n\n\n\n<h2 class=\"wp-block-heading\">CoUsagers<\/h2>\n\n\n\n<h3 class=\"wp-block-heading\"><strong>Le moulin urbain<\/strong><\/h3>\n\n\n\n<div class=\"wp-block-media-text alignwide is-stacked-on-mobile\"><figure class=\"wp-block-media-text__media\"><img loading=\"lazy\" decoding=\"async\" width=\"1024\" height=\"1024\" src=\"http:\/\/fabrico.fr\/wp-content\/uploads\/2025\/10\/logo-1-1024x1024.jpeg\" alt=\"\" class=\"wp-image-876 size-full\" srcset=\"https:\/\/fabrico.fr\/wp-content\/uploads\/2025\/10\/logo-1-1024x1024.jpeg 1024w, https:\/\/fabrico.fr\/wp-content\/uploads\/2025\/10\/logo-1-300x300.jpeg 300w, https:\/\/fabrico.fr\/wp-content\/uploads\/2025\/10\/logo-1-150x150.jpeg 150w, https:\/\/fabrico.fr\/wp-content\/uploads\/2025\/10\/logo-1-768x768.jpeg 768w, https:\/\/fabrico.fr\/wp-content\/uploads\/2025\/10\/logo-1-100x100.jpeg 100w, https:\/\/fabrico.fr\/wp-content\/uploads\/2025\/10\/logo-1.jpeg 1181w\" sizes=\"auto, (max-width: 767px) 89vw, (max-width: 1000px) 54vw, (max-width: 1071px) 543px, 580px\" \/><\/figure><div class=\"wp-block-media-text__content\">\n<p class=\"has-text-align-center\">Le Moulin Urbain est un tiers-lieu nourricier \u00e0 Valence, n\u00e9 de la rencontre entre citoyens et associations locales engag\u00e9es pour une alimentation saine, locale et solidaire.<\/p>\n\n\n\n<p class=\"has-text-align-center\">Son objectif : reconnecter le monde paysan et le monde urbain, favoriser l\u2019acc\u00e8s de tous \u00e0 une alimentation de qualit\u00e9 et soutenir une juste r\u00e9mun\u00e9ration des producteurs.<\/p>\n\n\n\n<p class=\"has-text-align-center\">Mangeons mieux, ensemble, ici \u00e0 Valence !<\/p>\n\n\n\n<p><a href=\"https:\/\/www.facebook.com\/people\/Le-Moulin-Urbain\/61566218774795\/\">https:\/\/www.facebook.com\/people\/Le-Moulin-Urbain\/61566218774795\/<\/a><\/p>\n<\/div><\/div>\n\n\n\n<h3 class=\"wp-block-heading\"><strong>L&rsquo;Accueillette<\/strong><\/h3>\n\n\n\n<div class=\"wp-block-media-text alignwide has-media-on-the-right is-stacked-on-mobile\"><figure class=\"wp-block-media-text__media\"><img loading=\"lazy\" decoding=\"async\" width=\"1024\" height=\"292\" src=\"http:\/\/fabrico.fr\/wp-content\/uploads\/2025\/10\/LACCUEILLETTE-LOGO-COULEUR-1024x292.png\" alt=\"\" class=\"wp-image-877 size-full\" srcset=\"https:\/\/fabrico.fr\/wp-content\/uploads\/2025\/10\/LACCUEILLETTE-LOGO-COULEUR-1024x292.png 1024w, https:\/\/fabrico.fr\/wp-content\/uploads\/2025\/10\/LACCUEILLETTE-LOGO-COULEUR-300x85.png 300w, https:\/\/fabrico.fr\/wp-content\/uploads\/2025\/10\/LACCUEILLETTE-LOGO-COULEUR-768x219.png 768w, https:\/\/fabrico.fr\/wp-content\/uploads\/2025\/10\/LACCUEILLETTE-LOGO-COULEUR.png 1391w\" sizes=\"auto, (max-width: 767px) 89vw, (max-width: 1000px) 54vw, (max-width: 1071px) 543px, 580px\" \/><\/figure><div class=\"wp-block-media-text__content\">\n<p class=\"has-text-align-center\">L\u2019Accueillette, \u00e0 Valence, est une association citoyenne qui lutte contre le gaspillage alimentaire en valorisant les invendus et fins de r\u00e9colte via des cueillettes solidaires, des chantiers paysans et la redistribution aux structures d\u2019aide.<\/p>\n\n\n\n<p class=\"has-text-align-center\">Elle anime aussi un tiers-lieu alimentaire avec des cantines populaires, des ateliers de transformation (jus, bocaux), et des actions de sensibilisation autour de l\u2019alimentation juste et locale.<\/p>\n\n\n\n<p class=\"has-text-align-center\">Rejoignez-nous pour cultiver la solidarit\u00e9, pr\u00e9server les ressources, manger sain et rapprocher les producteurs des habitants.<\/p>\n\n\n\n<p><a href=\"https:\/\/laccueillette.org\/\">https:\/\/laccueillette.org\/<\/a><\/p>\n<\/div><\/div>\n\n\n\n<h3 class=\"wp-block-heading\"><strong>Natura Scop<\/strong><\/h3>\n\n\n\n<div class=\"wp-block-media-text alignwide is-stacked-on-mobile\"><figure class=\"wp-block-media-text__media\"><img loading=\"lazy\" decoding=\"async\" width=\"1024\" height=\"653\" src=\"http:\/\/fabrico.fr\/wp-content\/uploads\/2023\/01\/LOGO-NATURA-SCOP-NEW-1024x653.jpg\" alt=\"\" class=\"wp-image-446 size-full\" srcset=\"https:\/\/fabrico.fr\/wp-content\/uploads\/2023\/01\/LOGO-NATURA-SCOP-NEW-1024x653.jpg 1024w, https:\/\/fabrico.fr\/wp-content\/uploads\/2023\/01\/LOGO-NATURA-SCOP-NEW-300x191.jpg 300w, https:\/\/fabrico.fr\/wp-content\/uploads\/2023\/01\/LOGO-NATURA-SCOP-NEW-768x490.jpg 768w, https:\/\/fabrico.fr\/wp-content\/uploads\/2023\/01\/LOGO-NATURA-SCOP-NEW-1536x980.jpg 1536w, https:\/\/fabrico.fr\/wp-content\/uploads\/2023\/01\/LOGO-NATURA-SCOP-NEW-2048x1307.jpg 2048w\" sizes=\"auto, (max-width: 767px) 89vw, (max-width: 1000px) 54vw, (max-width: 1071px) 543px, 580px\" \/><\/figure><div class=\"wp-block-media-text__content\">\n<p class=\"has-text-align-center\">Natura Scop est une Coop\u00e9rative d\u2019Activit\u00e9s et d\u2019Entrepreneur-es (CAE) des m\u00e9tiers de l\u2019environnement, de la for\u00eat et du paysage, pr\u00e9sente sur toute la r\u00e9gion Auvergne Rh\u00f4ne Alpes.<\/p>\n\n\n\n<p class=\"has-text-align-center\"><a href=\"https:\/\/www.natura-scop.org\/\">https:\/\/www.natura-scop.org\/<\/a><\/p>\n<\/div><\/div>\n\n\n\n<h3 class=\"wp-block-heading\"><strong>La Motiv&rsquo;<\/strong> par <strong>L&rsquo;Association l&rsquo;Air de Liens<\/strong><\/h3>\n\n\n\n<div class=\"wp-block-media-text alignwide has-media-on-the-right is-stacked-on-mobile\" style=\"grid-template-columns:auto 49%\"><figure class=\"wp-block-media-text__media\"><img loading=\"lazy\" decoding=\"async\" width=\"500\" height=\"500\" src=\"http:\/\/fabrico.fr\/wp-content\/uploads\/2023\/01\/Logo-complet-fond-transparent.png\" alt=\"\" class=\"wp-image-448 size-full\" srcset=\"https:\/\/fabrico.fr\/wp-content\/uploads\/2023\/01\/Logo-complet-fond-transparent.png 500w, https:\/\/fabrico.fr\/wp-content\/uploads\/2023\/01\/Logo-complet-fond-transparent-300x300.png 300w, https:\/\/fabrico.fr\/wp-content\/uploads\/2023\/01\/Logo-complet-fond-transparent-150x150.png 150w, https:\/\/fabrico.fr\/wp-content\/uploads\/2023\/01\/Logo-complet-fond-transparent-100x100.png 100w\" sizes=\"auto, (max-width: 500px) 100vw, 500px\" \/><\/figure><div class=\"wp-block-media-text__content\">\n<p class=\"has-text-align-center\">L&rsquo;Association l&rsquo;Air de Liens propose un lieu d\u2019accueil et d&rsquo;accompagnement pour les jeunes d\u00e9scolaris\u00e9s permettant et soutenant les apprentissages, la motivation et la scolarisation avec son projet La Motiv&rsquo;.<\/p>\n\n\n\n<p class=\"has-text-align-center\"><a href=\"https:\/\/www.facebook.com\/asso.lairdeliens\">https:\/\/www.facebook.com\/asso.lairdeliens<\/a><\/p>\n<\/div><\/div>\n\n\n\n<h3 class=\"wp-block-heading\"><strong>Kodiko<\/strong><\/h3>\n\n\n\n<div class=\"wp-block-media-text alignwide is-stacked-on-mobile\" style=\"grid-template-columns:37% auto\"><figure class=\"wp-block-media-text__media\"><img loading=\"lazy\" decoding=\"async\" width=\"500\" height=\"217\" src=\"http:\/\/fabrico.fr\/wp-content\/uploads\/2024\/03\/641db4dd79a442172454f682_nouveau-logo-kodiko-rouge-RVB2-p-500.png\" alt=\"\" class=\"wp-image-666 size-full\" srcset=\"https:\/\/fabrico.fr\/wp-content\/uploads\/2024\/03\/641db4dd79a442172454f682_nouveau-logo-kodiko-rouge-RVB2-p-500.png 500w, https:\/\/fabrico.fr\/wp-content\/uploads\/2024\/03\/641db4dd79a442172454f682_nouveau-logo-kodiko-rouge-RVB2-p-500-300x130.png 300w\" sizes=\"auto, (max-width: 500px) 100vw, 500px\" \/><\/figure><div class=\"wp-block-media-text__content\">\n<p class=\"has-text-align-center\">Programme de co-training r\u00e9fugi\u00e9s-salari\u00e9s pour r\u00e9pondre \u00e0 l&rsquo;enjeu de l&rsquo;int\u00e9gration professionnelle des personnes r\u00e9fugi\u00e9es. En 2023 Kodiko Valence s&rsquo;implante \u00e0 Valence pour engager les entreprises dans l\u2019int\u00e9gration professionnelle des personnes r\u00e9fugi\u00e9es. Soutenus par de nombreux acteurs institutionnels et un \u00e9cosyst\u00e8me associatif fort, nous souhaitons accompagner 15 bin\u00f4mes r\u00e9fugi\u00e9s et salari\u00e9s.<\/p>\n\n\n\n<p class=\"has-text-align-center\"><a href=\"https:\/\/www.kodiko.fr\/territoires\/valence\">https:\/\/www.kodiko.fr\/territoires\/valence<\/a><\/p>\n<\/div><\/div>\n\n\n\n<h2 class=\"wp-block-heading\"><strong>Pour aller plus loin\u2026<\/strong><\/h2>\n\n\n<div class=\"lightweight-accordion\"><details><summary class=\"lightweight-accordion-title\"><span>Qu&rsquo;est-ce que le CoWorking?<\/span><\/summary><div class=\"lightweight-accordion-body\">\n\n<figure class=\"wp-block-image size-full\"><img loading=\"lazy\" decoding=\"async\" width=\"940\" height=\"788\" src=\"http:\/\/fabrico.fr\/wp-content\/uploads\/2022\/06\/278581591_162415962850059_7268455816523338689_n-1.png\" alt=\"\" class=\"wp-image-278\" srcset=\"https:\/\/fabrico.fr\/wp-content\/uploads\/2022\/06\/278581591_162415962850059_7268455816523338689_n-1.png 940w, https:\/\/fabrico.fr\/wp-content\/uploads\/2022\/06\/278581591_162415962850059_7268455816523338689_n-1-300x251.png 300w, https:\/\/fabrico.fr\/wp-content\/uploads\/2022\/06\/278581591_162415962850059_7268455816523338689_n-1-768x644.png 768w\" sizes=\"auto, (max-width: 767px) 89vw, (max-width: 1000px) 54vw, (max-width: 1071px) 543px, 580px\" \/><\/figure>\n\n<\/div><\/details><\/div>\n\n<div class=\"lightweight-accordion\"><details><summary class=\"lightweight-accordion-title\"><span>Qu&rsquo;est-ce qu&rsquo;un atelier partag\u00e9?<\/span><\/summary><div class=\"lightweight-accordion-body\">\n\n<figure class=\"wp-block-image size-full\"><img loading=\"lazy\" decoding=\"async\" width=\"940\" height=\"788\" src=\"http:\/\/fabrico.fr\/wp-content\/uploads\/2022\/06\/278864513_163995712692084_3830465961023682136_n-1.png\" alt=\"\" class=\"wp-image-279\" srcset=\"https:\/\/fabrico.fr\/wp-content\/uploads\/2022\/06\/278864513_163995712692084_3830465961023682136_n-1.png 940w, https:\/\/fabrico.fr\/wp-content\/uploads\/2022\/06\/278864513_163995712692084_3830465961023682136_n-1-300x251.png 300w, https:\/\/fabrico.fr\/wp-content\/uploads\/2022\/06\/278864513_163995712692084_3830465961023682136_n-1-768x644.png 768w\" sizes=\"auto, (max-width: 767px) 89vw, (max-width: 1000px) 54vw, (max-width: 1071px) 543px, 580px\" \/><\/figure>\n\n<\/div><\/details><\/div>","protected":false},"excerpt":{"rendered":"<p>Fabrico, c\u2019est bien plus qu\u2019un Fablab et un EPN : c\u2019est un lieu de vie \u00e0 partager, o\u00f9 se croisent cr\u00e9ativit\u00e9, apprentissages et entraide. Deux fa\u00e7ons de vivre Fabrico : CoWorking \u2014 venez profiter \u00e0 petit prix d\u2019espaces flexibles pour travailler, cr\u00e9er et collaborer. Que ce soit pour quelques heures, quelques jours ou quelques semaines, &hellip; <\/p>\n<p class=\"link-more\"><a href=\"https:\/\/fabrico.fr\/index.php\/espaces-partages\/\" class=\"more-link\">Continuer la lecture<span class=\"screen-reader-text\"> de &laquo;&nbsp;Espaces partag\u00e9s&nbsp;&raquo;<\/span><\/a><\/p>\n","protected":false},"author":3,"featured_media":0,"parent":0,"menu_order":0,"comment_status":"closed","ping_status":"closed","template":"","meta":{"footnotes":""},"class_list":["post-274","page","type-page","status-publish","hentry"],"_links":{"self":[{"href":"https:\/\/fabrico.fr\/index.php\/wp-json\/wp\/v2\/pages\/274","targetHints":{"allow":["GET"]}}],"collection":[{"href":"https:\/\/fabrico.fr\/index.php\/wp-json\/wp\/v2\/pages"}],"about":[{"href":"https:\/\/fabrico.fr\/index.php\/wp-json\/wp\/v2\/types\/page"}],"author":[{"embeddable":true,"href":"https:\/\/fabrico.fr\/index.php\/wp-json\/wp\/v2\/users\/3"}],"replies":[{"embeddable":true,"href":"https:\/\/fabrico.fr\/index.php\/wp-json\/wp\/v2\/comments?post=274"}],"version-history":[{"count":6,"href":"https:\/\/fabrico.fr\/index.php\/wp-json\/wp\/v2\/pages\/274\/revisions"}],"predecessor-version":[{"id":880,"href":"https:\/\/fabrico.fr\/index.php\/wp-json\/wp\/v2\/pages\/274\/revisions\/880"}],"wp:attachment":[{"href":"https:\/\/fabrico.fr\/index.php\/wp-json\/wp\/v2\/media?parent=274"}],"curies":[{"name":"wp","href":"https:\/\/api.w.org\/{rel}","templated":true}]}}