{"id":251,"date":"2022-05-18T17:17:18","date_gmt":"2022-05-18T15:17:18","guid":{"rendered":"http:\/\/fabat.fr\/?page_id=251"},"modified":"2025-10-17T18:36:37","modified_gmt":"2025-10-17T16:36:37","slug":"association-fabat","status":"publish","type":"page","link":"https:\/\/fabrico.fr\/index.php\/association-fabat\/","title":{"rendered":"Association Fab&rsquo;AT"},"content":{"rendered":"\n<p class=\"has-text-align-center\">L&rsquo;association Fab&rsquo;At est une association \u00e0 but non-lucratif loi 1901 fond\u00e9e en mai 2021 pour porter le projet d&rsquo;un Tiers-Lieu \u00e0 Valence : FABRICO. <\/p>\n\n\n\n<p class=\"has-text-align-center\">FABRICO est un Tiers-lieu pour tous, compos\u00e9 d&rsquo;un Fablab, un Espace Public Num\u00e9rique, des espaces de travail et des ateliers partag\u00e9s.<\/p>\n\n\n\n<div class=\"wp-block-group alignwide\"><div class=\"wp-block-group__inner-container is-layout-flow wp-block-group-is-layout-flow\">\n<h2 class=\"has-text-align-center wp-block-heading\">Un lieu pour du partage de savoir et de connaissance dans l&rsquo;utilisation d&rsquo;outils et de machines, num\u00e9riques et conventionnels<\/h2>\n<\/div><\/div>\n\n\n\n<div class=\"wp-block-group alignwide\"><div class=\"wp-block-group__inner-container is-layout-flow wp-block-group-is-layout-flow\">\n<h1 class=\"has-text-align-center has-accent-color has-text-color wp-block-heading\"><strong>Un FabLab, c\u2019est quoi\u2026&nbsp;<\/strong><\/h1>\n<\/div><\/div>\n\n\n\n<div class=\"wp-block-columns alignwide is-layout-flex wp-container-core-columns-is-layout-9d6595d7 wp-block-columns-is-layout-flex\">\n<div class=\"wp-block-column is-layout-flow wp-block-column-is-layout-flow\">\n<p><em>Fabrication Laboratory<\/em><\/p>\n\n\n\n<p>Lieu ouvert \u00e0 tous, \u00e9quip\u00e9 de machines, mises \u00e0 la disposition pour cr\u00e9er, faire du prototype, fabriquer et r\u00e9parer des objets.<\/p>\n<\/div>\n\n\n\n<div class=\"wp-block-column is-layout-flow wp-block-column-is-layout-flow\"><div class=\"wp-block-image\">\n<figure class=\"aligncenter size-large is-resized\"><img loading=\"lazy\" decoding=\"async\" src=\"http:\/\/fabat.fr\/wp-content\/uploads\/2021\/09\/Fab_Lab_logo.svg_-854x1024.png\" alt=\"\" class=\"wp-image-36\" width=\"87\" height=\"103\" srcset=\"https:\/\/fabrico.fr\/wp-content\/uploads\/2021\/09\/Fab_Lab_logo.svg_-854x1024.png 854w, https:\/\/fabrico.fr\/wp-content\/uploads\/2021\/09\/Fab_Lab_logo.svg_-250x300.png 250w, https:\/\/fabrico.fr\/wp-content\/uploads\/2021\/09\/Fab_Lab_logo.svg_-768x921.png 768w, https:\/\/fabrico.fr\/wp-content\/uploads\/2021\/09\/Fab_Lab_logo.svg_.png 1200w\" sizes=\"auto, (max-width: 87px) 100vw, 87px\" \/><\/figure><\/div><\/div>\n<\/div>\n\n\n\n<figure class=\"wp-block-table\"><table><tbody><tr><td>Le Fablab de Valence : o\u00f9 en sommes nous ?<\/td><\/tr><\/tbody><\/table><\/figure>\n\n\n\n<figure class=\"wp-block-table\"><table><tbody><tr><td>Bonne nouvelle, le projet de FABLAB \u00e0 Valence avance !<br><br>Il y a quelques mois, un collectif de citoyens Valentinois a repris le projet d&rsquo;un Fablab sur l&rsquo;agglom\u00e9ration :&nbsp;<strong>l&rsquo;association Fab&rsquo;At<\/strong>&nbsp;(Fablab Ateliers)&nbsp;<strong>\u00e9tait n\u00e9e.<\/strong><br><br>Depuis : le projet a \u00e9t\u00e9 pr\u00e9sent\u00e9 le 4 septembre au forum des associations, du mat\u00e9riel a \u00e9t\u00e9 r\u00e9cup\u00e9r\u00e9 via l&rsquo;atelier Canop\u00e9&nbsp;de Valence, le conseil d&rsquo;administration s&rsquo;est r\u00e9uni&nbsp;r\u00e9guli\u00e8rement, le recrutement&nbsp;d&rsquo;un fabmanager et d&rsquo;un conseiller num\u00e9rique France service pour l&rsquo;espace public num\u00e9rique ont eu lieu. et nous avons enfin investi un lieu pour incarner le FabLab, qui a \u00e9t\u00e9 pr\u00e9sent\u00e9 au public le 11 d\u00e9cembre dernier. Nous invitons  maintenant tous les membres \u00e0 notre <strong>Assembl\u00e9e g\u00e9n\u00e9rale, le 4 mars \u00e0 18h30 au Technosite<\/strong>.<\/td><\/tr><\/tbody><\/table><\/figure>\n\n\n\n<figure class=\"wp-block-image size-large\"><img loading=\"lazy\" decoding=\"async\" width=\"1024\" height=\"432\" src=\"https:\/\/fabat.fr\/wp-content\/uploads\/2021\/11\/b6c14981-9dba-ad8d-3936-2aa9009dead8-1024x432.jpg\" alt=\"\" class=\"wp-image-120\" srcset=\"https:\/\/fabrico.fr\/wp-content\/uploads\/2021\/11\/b6c14981-9dba-ad8d-3936-2aa9009dead8-1024x432.jpg 1024w, https:\/\/fabrico.fr\/wp-content\/uploads\/2021\/11\/b6c14981-9dba-ad8d-3936-2aa9009dead8-300x127.jpg 300w, https:\/\/fabrico.fr\/wp-content\/uploads\/2021\/11\/b6c14981-9dba-ad8d-3936-2aa9009dead8-768x324.jpg 768w, https:\/\/fabrico.fr\/wp-content\/uploads\/2021\/11\/b6c14981-9dba-ad8d-3936-2aa9009dead8-1536x649.jpg 1536w, https:\/\/fabrico.fr\/wp-content\/uploads\/2021\/11\/b6c14981-9dba-ad8d-3936-2aa9009dead8-2048x865.jpg 2048w\" sizes=\"auto, (max-width: 767px) 89vw, (max-width: 1000px) 54vw, (max-width: 1071px) 543px, 580px\" \/><\/figure>\n\n\n\n<figure class=\"wp-block-gallery has-nested-images columns-default is-cropped wp-block-gallery-1 is-layout-flex wp-block-gallery-is-layout-flex\">\n<figure class=\"wp-block-image size-large\"><img loading=\"lazy\" decoding=\"async\" width=\"1024\" height=\"768\" data-id=\"124\" src=\"https:\/\/fabat.fr\/wp-content\/uploads\/2021\/11\/549c9d6a-799c-dcbc-2bde-504f9b4adff3-1-1024x768.jpg\" alt=\"\" class=\"wp-image-124\" srcset=\"https:\/\/fabrico.fr\/wp-content\/uploads\/2021\/11\/549c9d6a-799c-dcbc-2bde-504f9b4adff3-1-1024x768.jpg 1024w, https:\/\/fabrico.fr\/wp-content\/uploads\/2021\/11\/549c9d6a-799c-dcbc-2bde-504f9b4adff3-1-300x225.jpg 300w, https:\/\/fabrico.fr\/wp-content\/uploads\/2021\/11\/549c9d6a-799c-dcbc-2bde-504f9b4adff3-1-768x576.jpg 768w, https:\/\/fabrico.fr\/wp-content\/uploads\/2021\/11\/549c9d6a-799c-dcbc-2bde-504f9b4adff3-1-1536x1152.jpg 1536w, https:\/\/fabrico.fr\/wp-content\/uploads\/2021\/11\/549c9d6a-799c-dcbc-2bde-504f9b4adff3-1-2048x1536.jpg 2048w\" sizes=\"auto, (max-width: 767px) 89vw, (max-width: 1000px) 54vw, (max-width: 1071px) 543px, 580px\" \/><\/figure>\n\n\n\n<figure class=\"wp-block-image size-large\"><img loading=\"lazy\" decoding=\"async\" width=\"1024\" height=\"683\" data-id=\"123\" src=\"https:\/\/fabat.fr\/wp-content\/uploads\/2021\/11\/8e6dabd7-ce15-2960-4973-58f7508fc5cf-1024x683.jpg\" alt=\"\" class=\"wp-image-123\" srcset=\"https:\/\/fabrico.fr\/wp-content\/uploads\/2021\/11\/8e6dabd7-ce15-2960-4973-58f7508fc5cf-1024x683.jpg 1024w, https:\/\/fabrico.fr\/wp-content\/uploads\/2021\/11\/8e6dabd7-ce15-2960-4973-58f7508fc5cf-300x200.jpg 300w, https:\/\/fabrico.fr\/wp-content\/uploads\/2021\/11\/8e6dabd7-ce15-2960-4973-58f7508fc5cf-768x512.jpg 768w, https:\/\/fabrico.fr\/wp-content\/uploads\/2021\/11\/8e6dabd7-ce15-2960-4973-58f7508fc5cf-1536x1024.jpg 1536w, https:\/\/fabrico.fr\/wp-content\/uploads\/2021\/11\/8e6dabd7-ce15-2960-4973-58f7508fc5cf-2048x1365.jpg 2048w\" sizes=\"auto, (max-width: 767px) 89vw, (max-width: 1000px) 54vw, (max-width: 1071px) 543px, 580px\" \/><\/figure>\n<\/figure>\n\n\n\n<h2 class=\"wp-block-heading\"><strong>Pour aller plus loin&#8230;<\/strong><\/h2>\n\n\n<div class=\"lightweight-accordion\"><details><summary class=\"lightweight-accordion-title\"><span>Le lieu<\/span><\/summary><div class=\"lightweight-accordion-body\">\n\n<h2 class=\"wp-block-heading\">Hisoire du site de La Visitation<\/h2>\n\n\n\n<p>Le nom \u00ab\u00a0La Visitation\u00a0\u00bb vient de la petite place devant ce qui \u00e9tait l&rsquo;entr\u00e9e du Couvent Sainte-Marie, et qui s&rsquo;appelait\u2026 \u00ab\u00a0place de la Visitation\u00a0\u00bb.<\/p>\n\n\n\n<p>L\u2019actuel espace ext\u00e9rieur arbor\u00e9 \u00e9tait en partie la chapelle du couvent, utilis\u00e9 dans les ann\u00e9es 1800 comme th\u00e9\u00e2tre de la ville de Valence.<\/p>\n\n\n\n<figure class=\"wp-block-image size-large\"><img loading=\"lazy\" decoding=\"async\" width=\"1024\" height=\"686\" src=\"http:\/\/fabat.fr\/wp-content\/uploads\/2021\/12\/Visitation-photo-archives-diocesaines-1024x686.jpg\" alt=\"\" class=\"wp-image-185\" srcset=\"https:\/\/fabrico.fr\/wp-content\/uploads\/2021\/12\/Visitation-photo-archives-diocesaines-1024x686.jpg 1024w, https:\/\/fabrico.fr\/wp-content\/uploads\/2021\/12\/Visitation-photo-archives-diocesaines-300x201.jpg 300w, https:\/\/fabrico.fr\/wp-content\/uploads\/2021\/12\/Visitation-photo-archives-diocesaines-768x514.jpg 768w, https:\/\/fabrico.fr\/wp-content\/uploads\/2021\/12\/Visitation-photo-archives-diocesaines-1536x1029.jpg 1536w, https:\/\/fabrico.fr\/wp-content\/uploads\/2021\/12\/Visitation-photo-archives-diocesaines-2048x1372.jpg 2048w\" sizes=\"auto, (max-width: 767px) 89vw, (max-width: 1000px) 54vw, (max-width: 1071px) 543px, 580px\" \/><figcaption><em>Photo lors de la construction du b\u00e2timent apr\u00e8s guerre, et ce qui restait de la chapelle.<\/em><\/figcaption><\/figure>\n\n<\/div><\/details><\/div>","protected":false},"excerpt":{"rendered":"<p>L&rsquo;association Fab&rsquo;At est une association \u00e0 but non-lucratif loi 1901 fond\u00e9e en mai 2021 pour porter le projet d&rsquo;un Tiers-Lieu \u00e0 Valence : FABRICO. FABRICO est un Tiers-lieu pour tous, compos\u00e9 d&rsquo;un Fablab, un Espace Public Num\u00e9rique, des espaces de travail et des ateliers partag\u00e9s. Un lieu pour du partage de savoir et de connaissance &hellip; <\/p>\n<p class=\"link-more\"><a href=\"https:\/\/fabrico.fr\/index.php\/association-fabat\/\" class=\"more-link\">Continuer la lecture<span class=\"screen-reader-text\"> de &laquo;&nbsp;Association Fab&rsquo;AT&nbsp;&raquo;<\/span><\/a><\/p>\n","protected":false},"author":3,"featured_media":0,"parent":0,"menu_order":0,"comment_status":"closed","ping_status":"closed","template":"","meta":{"footnotes":""},"class_list":["post-251","page","type-page","status-publish","hentry"],"_links":{"self":[{"href":"https:\/\/fabrico.fr\/index.php\/wp-json\/wp\/v2\/pages\/251","targetHints":{"allow":["GET"]}}],"collection":[{"href":"https:\/\/fabrico.fr\/index.php\/wp-json\/wp\/v2\/pages"}],"about":[{"href":"https:\/\/fabrico.fr\/index.php\/wp-json\/wp\/v2\/types\/page"}],"author":[{"embeddable":true,"href":"https:\/\/fabrico.fr\/index.php\/wp-json\/wp\/v2\/users\/3"}],"replies":[{"embeddable":true,"href":"https:\/\/fabrico.fr\/index.php\/wp-json\/wp\/v2\/comments?post=251"}],"version-history":[{"count":9,"href":"https:\/\/fabrico.fr\/index.php\/wp-json\/wp\/v2\/pages\/251\/revisions"}],"predecessor-version":[{"id":887,"href":"https:\/\/fabrico.fr\/index.php\/wp-json\/wp\/v2\/pages\/251\/revisions\/887"}],"wp:attachment":[{"href":"https:\/\/fabrico.fr\/index.php\/wp-json\/wp\/v2\/media?parent=251"}],"curies":[{"name":"wp","href":"https:\/\/api.w.org\/{rel}","templated":true}]}}